{"id":2818,"date":"2016-06-21T12:05:43","date_gmt":"2016-06-21T10:05:43","guid":{"rendered":"http:\/\/www.fimforging.com\/de\/quality\/"},"modified":"2026-04-02T17:54:22","modified_gmt":"2026-04-02T15:54:22","slug":"zertifizierung-heisspressen","status":"publish","type":"page","link":"https:\/\/www.fimforging.com\/de\/zertifizierung-heisspressen\/","title":{"rendered":"Qualitaet"},"content":{"rendered":"<div class=\"wpb-content-wrapper\"><p>[vc_row][vc_column width=&#8220;1\/4&#8243;][vc_column_text css=&#8220;&#8220;]<\/p>\n<p style=\"text-align: center;\"><a href=\"https:\/\/www.fimforging.com\/wp-content\/uploads\/2026\/04\/CERT10111Rev.006.pdf\"><img decoding=\"async\" class=\"size-full wp-image-7590 aligncenter\" src=\"https:\/\/www.fimforging.com\/wp-content\/uploads\/2026\/04\/ISO2026.jpg\" alt=\"\" width=\"245\" height=\"374\" srcset=\"https:\/\/www.fimforging.com\/wp-content\/uploads\/2026\/04\/ISO2026.jpg 245w, https:\/\/www.fimforging.com\/wp-content\/uploads\/2026\/04\/ISO2026-197x300.jpg 197w\" sizes=\"(max-width: 245px) 100vw, 245px\" \/><\/a><\/p>\n<p>[\/vc_column_text][\/vc_column][vc_column width=&#8220;3\/4&#8243;][vc_single_image image=&#8220;3657&#8243; img_size=&#8220;full&#8220; css=&#8220;.vc_custom_1467361637158{margin-bottom: 30px !important;padding-right: 10px !important;}&#8220;][vc_column_text]<\/p>\n<p class=\"p1\" style=\"text-align: justify;\">Die Qualita\u0308t unserer Produktion beschra\u0308nkt sich nicht nur auf der Messung des fertigen Produkts und die Dokumentation der Kontrollkarten, sondern umfasst jeden Punkt des Produktionsprozesses. Das Material, das von der Firma verwendet wird, verfu\u0308gt u\u0308ber Original-Zertifikate der zuverla\u0308ssigsten Stahlwerke.<br \/>\nUnsere Qualita\u0308tsstandards werden festgelegt im Hinblick darauf, den Anforderungen unserer Kunden gerecht zu werden. Die Kundenzufriedenheit steht im Mittelpunkt unseres Qualita\u0308tssystems .<\/p>\n<p>[\/vc_column_text][\/vc_column][\/vc_row]<\/p>\n<\/div>","protected":false},"excerpt":{"rendered":"<p>[vc_row][vc_column width=&#8220;1\/4&#8243;][vc_column_text css=&#8220;&#8220;] [\/vc_column_text][\/vc_column][vc_column width=&#8220;3\/4&#8243;][vc_single_image image=&#8220;3657&#8243; img_size=&#8220;full&#8220; css=&#8220;.vc_custom_1467361637158{margin-bottom: 30px !important;padding-right: 10px !important;}&#8220;][vc_column_text] Die Qualita\u0308t unserer Produktion beschra\u0308nkt sich nicht nur auf der Messung des fertigen Produkts und die Dokumentation der Kontrollkarten, sondern umfasst jeden Punkt des Produktionsprozesses. Das Material, das von der Firma verwendet wird, verfu\u0308gt u\u0308ber Original-Zertifikate der zuverla\u0308ssigsten Stahlwerke. Unsere Qualita\u0308tsstandards werden festgelegt [&hellip;]<\/p>\n","protected":false},"author":1,"featured_media":2989,"parent":0,"menu_order":0,"comment_status":"closed","ping_status":"closed","template":"","meta":{"footnotes":""},"class_list":["post-2818","page","type-page","status-publish","has-post-thumbnail","hentry"],"yoast_head":"<!-- This site is optimized with the Yoast SEO plugin v27.1.1 - https:\/\/yoast.com\/product\/yoast-seo-wordpress\/ -->\n<title>F.i.M. - Zertifizierung Hei\u00dfpressen, ISO 9001:2008<\/title>\n<meta name=\"description\" content=\"Zertifizierung Hei\u00dfpressen, Fim Es ist mit dem ISO 9001 zertifizierten Qualit\u00e4tsmanagementsystem f\u00fcr die Herstellung gedruckter Stahl ausgestattet.\" \/>\n<meta name=\"robots\" content=\"index, follow, max-snippet:-1, max-image-preview:large, max-video-preview:-1\" \/>\n<link rel=\"canonical\" href=\"https:\/\/www.fimforging.com\/de\/zertifizierung-heisspressen\/\" \/>\n<meta property=\"og:locale\" content=\"de_DE\" \/>\n<meta property=\"og:type\" content=\"article\" \/>\n<meta property=\"og:title\" content=\"F.i.M. - Zertifizierung Hei\u00dfpressen, ISO 9001:2008\" \/>\n<meta property=\"og:description\" content=\"Zertifizierung Hei\u00dfpressen, Fim Es ist mit dem ISO 9001 zertifizierten Qualit\u00e4tsmanagementsystem f\u00fcr die Herstellung gedruckter Stahl ausgestattet.\" \/>\n<meta property=\"og:url\" content=\"https:\/\/www.fimforging.com\/de\/zertifizierung-heisspressen\/\" \/>\n<meta property=\"og:site_name\" content=\"Fim Forging\" \/>\n<meta property=\"article:modified_time\" content=\"2026-04-02T15:54:22+00:00\" \/>\n<meta property=\"og:image\" content=\"http:\/\/www.fimforging.com\/wp-content\/uploads\/2016\/06\/certificazione-stampaggio-a-caldo.png\" \/>\n<meta name=\"twitter:card\" content=\"summary_large_image\" \/>\n<meta name=\"twitter:label1\" content=\"Gesch\u00e4tzte Lesezeit\" \/>\n\t<meta name=\"twitter:data1\" content=\"1\u00a0Minute\" \/>\n<script type=\"application\/ld+json\" class=\"yoast-schema-graph\">{\"@context\":\"https:\/\/schema.org\",\"@graph\":[{\"@type\":\"WebPage\",\"@id\":\"https:\/\/www.fimforging.com\/de\/zertifizierung-heisspressen\/\",\"url\":\"https:\/\/www.fimforging.com\/de\/zertifizierung-heisspressen\/\",\"name\":\"F.i.M. - Zertifizierung Hei\u00dfpressen, ISO 9001:2008\",\"isPartOf\":{\"@id\":\"https:\/\/www.fimforging.com\/#website\"},\"primaryImageOfPage\":{\"@id\":\"https:\/\/www.fimforging.com\/de\/zertifizierung-heisspressen\/#primaryimage\"},\"image\":{\"@id\":\"https:\/\/www.fimforging.com\/de\/zertifizierung-heisspressen\/#primaryimage\"},\"thumbnailUrl\":\"https:\/\/www.fimforging.com\/wp-content\/uploads\/2016\/06\/certificazione-stampaggio-a-caldo.png\",\"datePublished\":\"2016-06-21T10:05:43+00:00\",\"dateModified\":\"2026-04-02T15:54:22+00:00\",\"description\":\"Zertifizierung Hei\u00dfpressen, Fim Es ist mit dem ISO 9001 zertifizierten Qualit\u00e4tsmanagementsystem f\u00fcr die Herstellung gedruckter Stahl ausgestattet.\",\"breadcrumb\":{\"@id\":\"https:\/\/www.fimforging.com\/de\/zertifizierung-heisspressen\/#breadcrumb\"},\"inLanguage\":\"de\",\"potentialAction\":[{\"@type\":\"ReadAction\",\"target\":[\"https:\/\/www.fimforging.com\/de\/zertifizierung-heisspressen\/\"]}]},{\"@type\":\"ImageObject\",\"inLanguage\":\"de\",\"@id\":\"https:\/\/www.fimforging.com\/de\/zertifizierung-heisspressen\/#primaryimage\",\"url\":\"https:\/\/www.fimforging.com\/wp-content\/uploads\/2016\/06\/certificazione-stampaggio-a-caldo.png\",\"contentUrl\":\"https:\/\/www.fimforging.com\/wp-content\/uploads\/2016\/06\/certificazione-stampaggio-a-caldo.png\",\"width\":600,\"height\":314},{\"@type\":\"BreadcrumbList\",\"@id\":\"https:\/\/www.fimforging.com\/de\/zertifizierung-heisspressen\/#breadcrumb\",\"itemListElement\":[{\"@type\":\"ListItem\",\"position\":1,\"name\":\"Start\",\"item\":\"https:\/\/www.fimforging.com\/de\/\"},{\"@type\":\"ListItem\",\"position\":2,\"name\":\"Qualitaet\"}]},{\"@type\":\"WebSite\",\"@id\":\"https:\/\/www.fimforging.com\/#website\",\"url\":\"https:\/\/www.fimforging.com\/\",\"name\":\"Fim Forging\",\"description\":\"Stampaggio a caldo acciaio\",\"potentialAction\":[{\"@type\":\"SearchAction\",\"target\":{\"@type\":\"EntryPoint\",\"urlTemplate\":\"https:\/\/www.fimforging.com\/?s={search_term_string}\"},\"query-input\":{\"@type\":\"PropertyValueSpecification\",\"valueRequired\":true,\"valueName\":\"search_term_string\"}}],\"inLanguage\":\"de\"}]}<\/script>\n<!-- \/ Yoast SEO plugin. -->","yoast_head_json":{"title":"F.i.M. - Zertifizierung Hei\u00dfpressen, ISO 9001:2008","description":"Zertifizierung Hei\u00dfpressen, Fim Es ist mit dem ISO 9001 zertifizierten Qualit\u00e4tsmanagementsystem f\u00fcr die Herstellung gedruckter Stahl ausgestattet.","robots":{"index":"index","follow":"follow","max-snippet":"max-snippet:-1","max-image-preview":"max-image-preview:large","max-video-preview":"max-video-preview:-1"},"canonical":"https:\/\/www.fimforging.com\/de\/zertifizierung-heisspressen\/","og_locale":"de_DE","og_type":"article","og_title":"F.i.M. - Zertifizierung Hei\u00dfpressen, ISO 9001:2008","og_description":"Zertifizierung Hei\u00dfpressen, Fim Es ist mit dem ISO 9001 zertifizierten Qualit\u00e4tsmanagementsystem f\u00fcr die Herstellung gedruckter Stahl ausgestattet.","og_url":"https:\/\/www.fimforging.com\/de\/zertifizierung-heisspressen\/","og_site_name":"Fim Forging","article_modified_time":"2026-04-02T15:54:22+00:00","og_image":[{"url":"http:\/\/www.fimforging.com\/wp-content\/uploads\/2016\/06\/certificazione-stampaggio-a-caldo.png","type":"","width":"","height":""}],"twitter_card":"summary_large_image","twitter_misc":{"Gesch\u00e4tzte Lesezeit":"1\u00a0Minute"},"schema":{"@context":"https:\/\/schema.org","@graph":[{"@type":"WebPage","@id":"https:\/\/www.fimforging.com\/de\/zertifizierung-heisspressen\/","url":"https:\/\/www.fimforging.com\/de\/zertifizierung-heisspressen\/","name":"F.i.M. - Zertifizierung Hei\u00dfpressen, ISO 9001:2008","isPartOf":{"@id":"https:\/\/www.fimforging.com\/#website"},"primaryImageOfPage":{"@id":"https:\/\/www.fimforging.com\/de\/zertifizierung-heisspressen\/#primaryimage"},"image":{"@id":"https:\/\/www.fimforging.com\/de\/zertifizierung-heisspressen\/#primaryimage"},"thumbnailUrl":"https:\/\/www.fimforging.com\/wp-content\/uploads\/2016\/06\/certificazione-stampaggio-a-caldo.png","datePublished":"2016-06-21T10:05:43+00:00","dateModified":"2026-04-02T15:54:22+00:00","description":"Zertifizierung Hei\u00dfpressen, Fim Es ist mit dem ISO 9001 zertifizierten Qualit\u00e4tsmanagementsystem f\u00fcr die Herstellung gedruckter Stahl ausgestattet.","breadcrumb":{"@id":"https:\/\/www.fimforging.com\/de\/zertifizierung-heisspressen\/#breadcrumb"},"inLanguage":"de","potentialAction":[{"@type":"ReadAction","target":["https:\/\/www.fimforging.com\/de\/zertifizierung-heisspressen\/"]}]},{"@type":"ImageObject","inLanguage":"de","@id":"https:\/\/www.fimforging.com\/de\/zertifizierung-heisspressen\/#primaryimage","url":"https:\/\/www.fimforging.com\/wp-content\/uploads\/2016\/06\/certificazione-stampaggio-a-caldo.png","contentUrl":"https:\/\/www.fimforging.com\/wp-content\/uploads\/2016\/06\/certificazione-stampaggio-a-caldo.png","width":600,"height":314},{"@type":"BreadcrumbList","@id":"https:\/\/www.fimforging.com\/de\/zertifizierung-heisspressen\/#breadcrumb","itemListElement":[{"@type":"ListItem","position":1,"name":"Start","item":"https:\/\/www.fimforging.com\/de\/"},{"@type":"ListItem","position":2,"name":"Qualitaet"}]},{"@type":"WebSite","@id":"https:\/\/www.fimforging.com\/#website","url":"https:\/\/www.fimforging.com\/","name":"Fim Forging","description":"Stampaggio a caldo acciaio","potentialAction":[{"@type":"SearchAction","target":{"@type":"EntryPoint","urlTemplate":"https:\/\/www.fimforging.com\/?s={search_term_string}"},"query-input":{"@type":"PropertyValueSpecification","valueRequired":true,"valueName":"search_term_string"}}],"inLanguage":"de"}]}},"_links":{"self":[{"href":"https:\/\/www.fimforging.com\/de\/wp-json\/wp\/v2\/pages\/2818","targetHints":{"allow":["GET"]}}],"collection":[{"href":"https:\/\/www.fimforging.com\/de\/wp-json\/wp\/v2\/pages"}],"about":[{"href":"https:\/\/www.fimforging.com\/de\/wp-json\/wp\/v2\/types\/page"}],"author":[{"embeddable":true,"href":"https:\/\/www.fimforging.com\/de\/wp-json\/wp\/v2\/users\/1"}],"replies":[{"embeddable":true,"href":"https:\/\/www.fimforging.com\/de\/wp-json\/wp\/v2\/comments?post=2818"}],"version-history":[{"count":6,"href":"https:\/\/www.fimforging.com\/de\/wp-json\/wp\/v2\/pages\/2818\/revisions"}],"predecessor-version":[{"id":7597,"href":"https:\/\/www.fimforging.com\/de\/wp-json\/wp\/v2\/pages\/2818\/revisions\/7597"}],"wp:featuredmedia":[{"embeddable":true,"href":"https:\/\/www.fimforging.com\/de\/wp-json\/wp\/v2\/media\/2989"}],"wp:attachment":[{"href":"https:\/\/www.fimforging.com\/de\/wp-json\/wp\/v2\/media?parent=2818"}],"curies":[{"name":"wp","href":"https:\/\/api.w.org\/{rel}","templated":true}]}}