{"id":2815,"date":"2016-06-20T17:51:58","date_gmt":"2016-06-20T15:51:58","guid":{"rendered":"http:\/\/www.fimforging.com\/de\/service\/"},"modified":"2018-02-07T11:58:19","modified_gmt":"2018-02-07T10:58:19","slug":"stahl-drucken","status":"publish","type":"page","link":"https:\/\/www.fimforging.com\/de\/stahl-drucken\/","title":{"rendered":"Service"},"content":{"rendered":"<div class=\"wpb-content-wrapper\"><p>[vc_row][vc_column][vc_single_image image=&#8220;2454&#8243; img_size=&#8220;850&#215;300&#8243; css=&#8220;.vc_custom_1518001175735{margin-bottom: 30px !important;}&#8220;][wd_headings headings_title=&#8220;Service&#8220; headings_title_tag=&#8220;h3&#8243; headings_subtitle=&#8220;&#8220; headings_alignment=&#8220;left&#8220; wd_heading_font_weight=&#8220;400&#8243; wd_heading_color=&#8220;#111111&#8243; wd_sub_heading_font_weight=&#8220;400&#8243; heading_extraclass=&#8220;text-left&#8220; wd_heading_spacing=&#8220;15px&#8220;][vc_column_text]<\/p>\n<p class=\"p1\">Jeder Kunde und Lieferant unseres Unternehmens ist ein Partner. Nach unserer Philosophie sind unsere Kunden und Lieferanten Schluessel f\u00fcr den Erfolg unseres Unternehmens. Aufgrund dieser Mentalit\u00e4t sind wir jederzeit bereit zur Zusammenarbeit bei der Suche nach der besten L\u00f6sung f\u00fcr beide Parteien.<\/p>\n<p>[\/vc_column_text][\/vc_column][\/vc_row][vc_row][vc_column width=&#8220;5\/12&#8243;][vc_single_image image=&#8220;2456&#8243; img_size=&#8220;420&#215;270&#8243;][\/vc_column][vc_column width=&#8220;7\/12&#8243; css=&#8220;.vc_custom_1463411390237{padding-left: 30px !important;}&#8220;][vc_column_text]<\/p>\n<p class=\"p1\">Die technische Abteilung der F.I.M. s.r.l. ist fuer die autonome Gestaltung von Komponenten im Halbfertig-Status ausgestattet, so dass der Kunde lediglich die Spezifikationen f\u00fcr das fertige Produkt zu liefern braucht. Die Werte des Unternehmen sind Kompetenz, Flexibilit\u00e4t und Innovation \u2013 und damit kommen wir den Anforderungen unseren Kunden entgegen hinsichtlich von Professionalit\u00e4t und P\u00fcnktlichkeit.<\/p>\n<p>[\/vc_column_text][\/vc_column][\/vc_row]<\/p>\n<\/div>","protected":false},"excerpt":{"rendered":"<p>[vc_row][vc_column][vc_single_image image=&#8220;2454&#8243; img_size=&#8220;850&#215;300&#8243; css=&#8220;.vc_custom_1518001175735{margin-bottom: 30px !important;}&#8220;][wd_headings headings_title=&#8220;Service&#8220; headings_title_tag=&#8220;h3&#8243; headings_subtitle=&#8220;&#8220; headings_alignment=&#8220;left&#8220; wd_heading_font_weight=&#8220;400&#8243; wd_heading_color=&#8220;#111111&#8243; wd_sub_heading_font_weight=&#8220;400&#8243; heading_extraclass=&#8220;text-left&#8220; wd_heading_spacing=&#8220;15px&#8220;][vc_column_text] Jeder Kunde und Lieferant unseres Unternehmens ist ein Partner. Nach unserer Philosophie sind unsere Kunden und Lieferanten Schluessel f\u00fcr den Erfolg unseres Unternehmens. Aufgrund dieser Mentalit\u00e4t sind wir jederzeit bereit zur Zusammenarbeit bei der Suche nach der besten L\u00f6sung f\u00fcr [&hellip;]<\/p>\n","protected":false},"author":1,"featured_media":2985,"parent":0,"menu_order":0,"comment_status":"closed","ping_status":"closed","template":"page-template\/left-sidebar.php","meta":{"footnotes":""},"class_list":["post-2815","page","type-page","status-publish","has-post-thumbnail","hentry"],"yoast_head":"<!-- This site is optimized with the Yoast SEO plugin v27.1.1 - https:\/\/yoast.com\/product\/yoast-seo-wordpress\/ -->\n<title>F.I.M. - Unternehmen spezialisiert sich auf Stahl drucken<\/title>\n<meta name=\"description\" content=\"Stahl drucken, Die technische Abteilung der F.I.M. s.r.l. ist fuer die autonome Gestaltung von Komponenten im Halbfertig-Status ausgestattet.\" \/>\n<meta name=\"robots\" content=\"index, follow, max-snippet:-1, max-image-preview:large, max-video-preview:-1\" \/>\n<link rel=\"canonical\" href=\"https:\/\/www.fimforging.com\/de\/stahl-drucken\/\" \/>\n<meta property=\"og:locale\" content=\"de_DE\" \/>\n<meta property=\"og:type\" content=\"article\" \/>\n<meta property=\"og:title\" content=\"F.I.M. - Unternehmen spezialisiert sich auf Stahl drucken\" \/>\n<meta property=\"og:description\" content=\"Stahl drucken, Die technische Abteilung der F.I.M. s.r.l. ist fuer die autonome Gestaltung von Komponenten im Halbfertig-Status ausgestattet.\" \/>\n<meta property=\"og:url\" content=\"https:\/\/www.fimforging.com\/de\/stahl-drucken\/\" \/>\n<meta property=\"og:site_name\" content=\"Fim Forging\" \/>\n<meta property=\"article:modified_time\" content=\"2018-02-07T10:58:19+00:00\" \/>\n<meta property=\"og:image\" content=\"http:\/\/www.fimforging.com\/wp-content\/uploads\/2016\/06\/stampaggio-acciaio.png\" \/>\n<meta name=\"twitter:card\" content=\"summary_large_image\" \/>\n<meta name=\"twitter:label1\" content=\"Gesch\u00e4tzte Lesezeit\" \/>\n\t<meta name=\"twitter:data1\" content=\"1\u00a0Minute\" \/>\n<script type=\"application\/ld+json\" class=\"yoast-schema-graph\">{\"@context\":\"https:\/\/schema.org\",\"@graph\":[{\"@type\":\"WebPage\",\"@id\":\"https:\/\/www.fimforging.com\/de\/stahl-drucken\/\",\"url\":\"https:\/\/www.fimforging.com\/de\/stahl-drucken\/\",\"name\":\"F.I.M. - Unternehmen spezialisiert sich auf Stahl drucken\",\"isPartOf\":{\"@id\":\"https:\/\/www.fimforging.com\/#website\"},\"primaryImageOfPage\":{\"@id\":\"https:\/\/www.fimforging.com\/de\/stahl-drucken\/#primaryimage\"},\"image\":{\"@id\":\"https:\/\/www.fimforging.com\/de\/stahl-drucken\/#primaryimage\"},\"thumbnailUrl\":\"https:\/\/www.fimforging.com\/wp-content\/uploads\/2016\/06\/stampaggio-acciaio.png\",\"datePublished\":\"2016-06-20T15:51:58+00:00\",\"dateModified\":\"2018-02-07T10:58:19+00:00\",\"description\":\"Stahl drucken, Die technische Abteilung der F.I.M. s.r.l. ist fuer die autonome Gestaltung von Komponenten im Halbfertig-Status ausgestattet.\",\"breadcrumb\":{\"@id\":\"https:\/\/www.fimforging.com\/de\/stahl-drucken\/#breadcrumb\"},\"inLanguage\":\"de\",\"potentialAction\":[{\"@type\":\"ReadAction\",\"target\":[\"https:\/\/www.fimforging.com\/de\/stahl-drucken\/\"]}]},{\"@type\":\"ImageObject\",\"inLanguage\":\"de\",\"@id\":\"https:\/\/www.fimforging.com\/de\/stahl-drucken\/#primaryimage\",\"url\":\"https:\/\/www.fimforging.com\/wp-content\/uploads\/2016\/06\/stampaggio-acciaio.png\",\"contentUrl\":\"https:\/\/www.fimforging.com\/wp-content\/uploads\/2016\/06\/stampaggio-acciaio.png\",\"width\":600,\"height\":314},{\"@type\":\"BreadcrumbList\",\"@id\":\"https:\/\/www.fimforging.com\/de\/stahl-drucken\/#breadcrumb\",\"itemListElement\":[{\"@type\":\"ListItem\",\"position\":1,\"name\":\"Start\",\"item\":\"https:\/\/www.fimforging.com\/de\/\"},{\"@type\":\"ListItem\",\"position\":2,\"name\":\"Service\"}]},{\"@type\":\"WebSite\",\"@id\":\"https:\/\/www.fimforging.com\/#website\",\"url\":\"https:\/\/www.fimforging.com\/\",\"name\":\"Fim Forging\",\"description\":\"Stampaggio a caldo acciaio\",\"potentialAction\":[{\"@type\":\"SearchAction\",\"target\":{\"@type\":\"EntryPoint\",\"urlTemplate\":\"https:\/\/www.fimforging.com\/?s={search_term_string}\"},\"query-input\":{\"@type\":\"PropertyValueSpecification\",\"valueRequired\":true,\"valueName\":\"search_term_string\"}}],\"inLanguage\":\"de\"}]}<\/script>\n<!-- \/ Yoast SEO plugin. -->","yoast_head_json":{"title":"F.I.M. - Unternehmen spezialisiert sich auf Stahl drucken","description":"Stahl drucken, Die technische Abteilung der F.I.M. s.r.l. ist fuer die autonome Gestaltung von Komponenten im Halbfertig-Status ausgestattet.","robots":{"index":"index","follow":"follow","max-snippet":"max-snippet:-1","max-image-preview":"max-image-preview:large","max-video-preview":"max-video-preview:-1"},"canonical":"https:\/\/www.fimforging.com\/de\/stahl-drucken\/","og_locale":"de_DE","og_type":"article","og_title":"F.I.M. - Unternehmen spezialisiert sich auf Stahl drucken","og_description":"Stahl drucken, Die technische Abteilung der F.I.M. s.r.l. ist fuer die autonome Gestaltung von Komponenten im Halbfertig-Status ausgestattet.","og_url":"https:\/\/www.fimforging.com\/de\/stahl-drucken\/","og_site_name":"Fim Forging","article_modified_time":"2018-02-07T10:58:19+00:00","og_image":[{"url":"http:\/\/www.fimforging.com\/wp-content\/uploads\/2016\/06\/stampaggio-acciaio.png","type":"","width":"","height":""}],"twitter_card":"summary_large_image","twitter_misc":{"Gesch\u00e4tzte Lesezeit":"1\u00a0Minute"},"schema":{"@context":"https:\/\/schema.org","@graph":[{"@type":"WebPage","@id":"https:\/\/www.fimforging.com\/de\/stahl-drucken\/","url":"https:\/\/www.fimforging.com\/de\/stahl-drucken\/","name":"F.I.M. - Unternehmen spezialisiert sich auf Stahl drucken","isPartOf":{"@id":"https:\/\/www.fimforging.com\/#website"},"primaryImageOfPage":{"@id":"https:\/\/www.fimforging.com\/de\/stahl-drucken\/#primaryimage"},"image":{"@id":"https:\/\/www.fimforging.com\/de\/stahl-drucken\/#primaryimage"},"thumbnailUrl":"https:\/\/www.fimforging.com\/wp-content\/uploads\/2016\/06\/stampaggio-acciaio.png","datePublished":"2016-06-20T15:51:58+00:00","dateModified":"2018-02-07T10:58:19+00:00","description":"Stahl drucken, Die technische Abteilung der F.I.M. s.r.l. ist fuer die autonome Gestaltung von Komponenten im Halbfertig-Status ausgestattet.","breadcrumb":{"@id":"https:\/\/www.fimforging.com\/de\/stahl-drucken\/#breadcrumb"},"inLanguage":"de","potentialAction":[{"@type":"ReadAction","target":["https:\/\/www.fimforging.com\/de\/stahl-drucken\/"]}]},{"@type":"ImageObject","inLanguage":"de","@id":"https:\/\/www.fimforging.com\/de\/stahl-drucken\/#primaryimage","url":"https:\/\/www.fimforging.com\/wp-content\/uploads\/2016\/06\/stampaggio-acciaio.png","contentUrl":"https:\/\/www.fimforging.com\/wp-content\/uploads\/2016\/06\/stampaggio-acciaio.png","width":600,"height":314},{"@type":"BreadcrumbList","@id":"https:\/\/www.fimforging.com\/de\/stahl-drucken\/#breadcrumb","itemListElement":[{"@type":"ListItem","position":1,"name":"Start","item":"https:\/\/www.fimforging.com\/de\/"},{"@type":"ListItem","position":2,"name":"Service"}]},{"@type":"WebSite","@id":"https:\/\/www.fimforging.com\/#website","url":"https:\/\/www.fimforging.com\/","name":"Fim Forging","description":"Stampaggio a caldo acciaio","potentialAction":[{"@type":"SearchAction","target":{"@type":"EntryPoint","urlTemplate":"https:\/\/www.fimforging.com\/?s={search_term_string}"},"query-input":{"@type":"PropertyValueSpecification","valueRequired":true,"valueName":"search_term_string"}}],"inLanguage":"de"}]}},"_links":{"self":[{"href":"https:\/\/www.fimforging.com\/de\/wp-json\/wp\/v2\/pages\/2815","targetHints":{"allow":["GET"]}}],"collection":[{"href":"https:\/\/www.fimforging.com\/de\/wp-json\/wp\/v2\/pages"}],"about":[{"href":"https:\/\/www.fimforging.com\/de\/wp-json\/wp\/v2\/types\/page"}],"author":[{"embeddable":true,"href":"https:\/\/www.fimforging.com\/de\/wp-json\/wp\/v2\/users\/1"}],"replies":[{"embeddable":true,"href":"https:\/\/www.fimforging.com\/de\/wp-json\/wp\/v2\/comments?post=2815"}],"version-history":[{"count":0,"href":"https:\/\/www.fimforging.com\/de\/wp-json\/wp\/v2\/pages\/2815\/revisions"}],"wp:featuredmedia":[{"embeddable":true,"href":"https:\/\/www.fimforging.com\/de\/wp-json\/wp\/v2\/media\/2985"}],"wp:attachment":[{"href":"https:\/\/www.fimforging.com\/de\/wp-json\/wp\/v2\/media?parent=2815"}],"curies":[{"name":"wp","href":"https:\/\/api.w.org\/{rel}","templated":true}]}}