{"id":2811,"date":"2016-06-21T12:20:22","date_gmt":"2016-06-21T10:20:22","guid":{"rendered":"http:\/\/www.fimforging.com\/de\/prodotti\/"},"modified":"2018-02-07T11:57:35","modified_gmt":"2018-02-07T10:57:35","slug":"herstellung-von-stahlkomponenten","status":"publish","type":"page","link":"https:\/\/www.fimforging.com\/de\/herstellung-von-stahlkomponenten\/","title":{"rendered":"Produkte"},"content":{"rendered":"<div class=\"wpb-content-wrapper\"><p>[vc_row css=&#8220;.vc_custom_1463954640353{padding-right: 20px !important;padding-left: 20px !important;}&#8220;][vc_column width=&#8220;1\/2&#8243;][vc_column_text]Unsere Produktionslinien realisieren Stahldrucker f\u00fcr unterschiedliche Anwendungen einschlie\u00dflich:<\/p>\n<ul>\n<li class=\"p1\"><strong>Automobilindustrie<\/strong><\/li>\n<li class=\"p1\"><strong>Maschinen f\u00fcr Erdarbeiten<\/strong><\/li>\n<li class=\"p1\"><strong>Maschinen fuer die Industrie<\/strong><\/li>\n<li class=\"p1\"><strong>Landwirtschaftliche Maschinen<\/strong><\/li>\n<li class=\"p1\"><strong>Musikindustrie<\/strong><\/li>\n<\/ul>\n<p>[\/vc_column_text][\/vc_column][vc_column width=&#8220;1\/2&#8243;][vc_column_text]<\/p>\n<p class=\"p1\">Dies umfasst: Zahnr\u00e4der , Kronen , Zahnkraenze, Satelliten, Planeten, Ringe, Synchronisations-Kegel , Naben und Platten fuer verschiedene Anwendungen<\/p>\n<p>[\/vc_column_text][\/vc_column][\/vc_row][vc_row][vc_column][vc_gallery type=&#8220;image_grid&#8220; images=&#8220;2672,2673,2674,2675,2676,2677,2678,2679,2680,2681,2682,2683,2684,2685,2686,2687,2688,2689,2690,2691,2926,2927,2928,2929&#8243; img_size=&#8220;145&#215;145&#8243;][\/vc_column][\/vc_row]<\/p>\n<\/div>","protected":false},"excerpt":{"rendered":"<p>[vc_row css=&#8220;.vc_custom_1463954640353{padding-right: 20px !important;padding-left: 20px !important;}&#8220;][vc_column width=&#8220;1\/2&#8243;][vc_column_text]Unsere Produktionslinien realisieren Stahldrucker f\u00fcr unterschiedliche Anwendungen einschlie\u00dflich: Automobilindustrie Maschinen f\u00fcr Erdarbeiten Maschinen fuer die Industrie Landwirtschaftliche Maschinen Musikindustrie [\/vc_column_text][\/vc_column][vc_column width=&#8220;1\/2&#8243;][vc_column_text] Dies umfasst: Zahnr\u00e4der , Kronen , Zahnkraenze, Satelliten, Planeten, Ringe, Synchronisations-Kegel , Naben und Platten fuer verschiedene Anwendungen [\/vc_column_text][\/vc_column][\/vc_row][vc_row][vc_column][vc_gallery type=&#8220;image_grid&#8220; images=&#8220;2672,2673,2674,2675,2676,2677,2678,2679,2680,2681,2682,2683,2684,2685,2686,2687,2688,2689,2690,2691,2926,2927,2928,2929&#8243; img_size=&#8220;145&#215;145&#8243;][\/vc_column][\/vc_row]<\/p>\n","protected":false},"author":1,"featured_media":2984,"parent":0,"menu_order":0,"comment_status":"closed","ping_status":"closed","template":"","meta":{"footnotes":""},"class_list":["post-2811","page","type-page","status-publish","has-post-thumbnail","hentry"],"yoast_head":"<!-- This site is optimized with the Yoast SEO plugin v27.1.1 - https:\/\/yoast.com\/product\/yoast-seo-wordpress\/ -->\n<title>F.I.M - Herstellung von Stahlkomponenten siet 1956<\/title>\n<meta name=\"description\" content=\"Herstellung von Stahlkomponenten, Unsere Produktionslinien realisieren Stahldrucker f\u00fcr unterschiedliche Anwendungen einschlie\u00dflich.\" \/>\n<meta name=\"robots\" content=\"index, follow, max-snippet:-1, max-image-preview:large, max-video-preview:-1\" \/>\n<link rel=\"canonical\" href=\"https:\/\/www.fimforging.com\/de\/herstellung-von-stahlkomponenten\/\" \/>\n<meta property=\"og:locale\" content=\"de_DE\" \/>\n<meta property=\"og:type\" content=\"article\" \/>\n<meta property=\"og:title\" content=\"F.I.M - Herstellung von Stahlkomponenten siet 1956\" \/>\n<meta property=\"og:description\" content=\"Herstellung von Stahlkomponenten, Unsere Produktionslinien realisieren Stahldrucker f\u00fcr unterschiedliche Anwendungen einschlie\u00dflich.\" \/>\n<meta property=\"og:url\" content=\"https:\/\/www.fimforging.com\/de\/herstellung-von-stahlkomponenten\/\" \/>\n<meta property=\"og:site_name\" content=\"Fim Forging\" \/>\n<meta property=\"article:modified_time\" content=\"2018-02-07T10:57:35+00:00\" \/>\n<meta property=\"og:image\" content=\"http:\/\/www.fimforging.com\/wp-content\/uploads\/2016\/06\/produzione-componenti-in-acciaio.png\" \/>\n<meta name=\"twitter:card\" content=\"summary_large_image\" \/>\n<script type=\"application\/ld+json\" class=\"yoast-schema-graph\">{\"@context\":\"https:\/\/schema.org\",\"@graph\":[{\"@type\":\"WebPage\",\"@id\":\"https:\/\/www.fimforging.com\/de\/herstellung-von-stahlkomponenten\/\",\"url\":\"https:\/\/www.fimforging.com\/de\/herstellung-von-stahlkomponenten\/\",\"name\":\"F.I.M - Herstellung von Stahlkomponenten siet 1956\",\"isPartOf\":{\"@id\":\"https:\/\/www.fimforging.com\/#website\"},\"primaryImageOfPage\":{\"@id\":\"https:\/\/www.fimforging.com\/de\/herstellung-von-stahlkomponenten\/#primaryimage\"},\"image\":{\"@id\":\"https:\/\/www.fimforging.com\/de\/herstellung-von-stahlkomponenten\/#primaryimage\"},\"thumbnailUrl\":\"https:\/\/www.fimforging.com\/wp-content\/uploads\/2016\/06\/produzione-componenti-in-acciaio.png\",\"datePublished\":\"2016-06-21T10:20:22+00:00\",\"dateModified\":\"2018-02-07T10:57:35+00:00\",\"description\":\"Herstellung von Stahlkomponenten, Unsere Produktionslinien realisieren Stahldrucker f\u00fcr unterschiedliche Anwendungen einschlie\u00dflich.\",\"breadcrumb\":{\"@id\":\"https:\/\/www.fimforging.com\/de\/herstellung-von-stahlkomponenten\/#breadcrumb\"},\"inLanguage\":\"de\",\"potentialAction\":[{\"@type\":\"ReadAction\",\"target\":[\"https:\/\/www.fimforging.com\/de\/herstellung-von-stahlkomponenten\/\"]}]},{\"@type\":\"ImageObject\",\"inLanguage\":\"de\",\"@id\":\"https:\/\/www.fimforging.com\/de\/herstellung-von-stahlkomponenten\/#primaryimage\",\"url\":\"https:\/\/www.fimforging.com\/wp-content\/uploads\/2016\/06\/produzione-componenti-in-acciaio.png\",\"contentUrl\":\"https:\/\/www.fimforging.com\/wp-content\/uploads\/2016\/06\/produzione-componenti-in-acciaio.png\",\"width\":600,\"height\":314},{\"@type\":\"BreadcrumbList\",\"@id\":\"https:\/\/www.fimforging.com\/de\/herstellung-von-stahlkomponenten\/#breadcrumb\",\"itemListElement\":[{\"@type\":\"ListItem\",\"position\":1,\"name\":\"Start\",\"item\":\"https:\/\/www.fimforging.com\/de\/\"},{\"@type\":\"ListItem\",\"position\":2,\"name\":\"Produkte\"}]},{\"@type\":\"WebSite\",\"@id\":\"https:\/\/www.fimforging.com\/#website\",\"url\":\"https:\/\/www.fimforging.com\/\",\"name\":\"Fim Forging\",\"description\":\"Stampaggio a caldo acciaio\",\"potentialAction\":[{\"@type\":\"SearchAction\",\"target\":{\"@type\":\"EntryPoint\",\"urlTemplate\":\"https:\/\/www.fimforging.com\/?s={search_term_string}\"},\"query-input\":{\"@type\":\"PropertyValueSpecification\",\"valueRequired\":true,\"valueName\":\"search_term_string\"}}],\"inLanguage\":\"de\"}]}<\/script>\n<!-- \/ Yoast SEO plugin. -->","yoast_head_json":{"title":"F.I.M - Herstellung von Stahlkomponenten siet 1956","description":"Herstellung von Stahlkomponenten, Unsere Produktionslinien realisieren Stahldrucker f\u00fcr unterschiedliche Anwendungen einschlie\u00dflich.","robots":{"index":"index","follow":"follow","max-snippet":"max-snippet:-1","max-image-preview":"max-image-preview:large","max-video-preview":"max-video-preview:-1"},"canonical":"https:\/\/www.fimforging.com\/de\/herstellung-von-stahlkomponenten\/","og_locale":"de_DE","og_type":"article","og_title":"F.I.M - Herstellung von Stahlkomponenten siet 1956","og_description":"Herstellung von Stahlkomponenten, Unsere Produktionslinien realisieren Stahldrucker f\u00fcr unterschiedliche Anwendungen einschlie\u00dflich.","og_url":"https:\/\/www.fimforging.com\/de\/herstellung-von-stahlkomponenten\/","og_site_name":"Fim Forging","article_modified_time":"2018-02-07T10:57:35+00:00","og_image":[{"url":"http:\/\/www.fimforging.com\/wp-content\/uploads\/2016\/06\/produzione-componenti-in-acciaio.png","type":"","width":"","height":""}],"twitter_card":"summary_large_image","schema":{"@context":"https:\/\/schema.org","@graph":[{"@type":"WebPage","@id":"https:\/\/www.fimforging.com\/de\/herstellung-von-stahlkomponenten\/","url":"https:\/\/www.fimforging.com\/de\/herstellung-von-stahlkomponenten\/","name":"F.I.M - Herstellung von Stahlkomponenten siet 1956","isPartOf":{"@id":"https:\/\/www.fimforging.com\/#website"},"primaryImageOfPage":{"@id":"https:\/\/www.fimforging.com\/de\/herstellung-von-stahlkomponenten\/#primaryimage"},"image":{"@id":"https:\/\/www.fimforging.com\/de\/herstellung-von-stahlkomponenten\/#primaryimage"},"thumbnailUrl":"https:\/\/www.fimforging.com\/wp-content\/uploads\/2016\/06\/produzione-componenti-in-acciaio.png","datePublished":"2016-06-21T10:20:22+00:00","dateModified":"2018-02-07T10:57:35+00:00","description":"Herstellung von Stahlkomponenten, Unsere Produktionslinien realisieren Stahldrucker f\u00fcr unterschiedliche Anwendungen einschlie\u00dflich.","breadcrumb":{"@id":"https:\/\/www.fimforging.com\/de\/herstellung-von-stahlkomponenten\/#breadcrumb"},"inLanguage":"de","potentialAction":[{"@type":"ReadAction","target":["https:\/\/www.fimforging.com\/de\/herstellung-von-stahlkomponenten\/"]}]},{"@type":"ImageObject","inLanguage":"de","@id":"https:\/\/www.fimforging.com\/de\/herstellung-von-stahlkomponenten\/#primaryimage","url":"https:\/\/www.fimforging.com\/wp-content\/uploads\/2016\/06\/produzione-componenti-in-acciaio.png","contentUrl":"https:\/\/www.fimforging.com\/wp-content\/uploads\/2016\/06\/produzione-componenti-in-acciaio.png","width":600,"height":314},{"@type":"BreadcrumbList","@id":"https:\/\/www.fimforging.com\/de\/herstellung-von-stahlkomponenten\/#breadcrumb","itemListElement":[{"@type":"ListItem","position":1,"name":"Start","item":"https:\/\/www.fimforging.com\/de\/"},{"@type":"ListItem","position":2,"name":"Produkte"}]},{"@type":"WebSite","@id":"https:\/\/www.fimforging.com\/#website","url":"https:\/\/www.fimforging.com\/","name":"Fim Forging","description":"Stampaggio a caldo acciaio","potentialAction":[{"@type":"SearchAction","target":{"@type":"EntryPoint","urlTemplate":"https:\/\/www.fimforging.com\/?s={search_term_string}"},"query-input":{"@type":"PropertyValueSpecification","valueRequired":true,"valueName":"search_term_string"}}],"inLanguage":"de"}]}},"_links":{"self":[{"href":"https:\/\/www.fimforging.com\/de\/wp-json\/wp\/v2\/pages\/2811","targetHints":{"allow":["GET"]}}],"collection":[{"href":"https:\/\/www.fimforging.com\/de\/wp-json\/wp\/v2\/pages"}],"about":[{"href":"https:\/\/www.fimforging.com\/de\/wp-json\/wp\/v2\/types\/page"}],"author":[{"embeddable":true,"href":"https:\/\/www.fimforging.com\/de\/wp-json\/wp\/v2\/users\/1"}],"replies":[{"embeddable":true,"href":"https:\/\/www.fimforging.com\/de\/wp-json\/wp\/v2\/comments?post=2811"}],"version-history":[{"count":0,"href":"https:\/\/www.fimforging.com\/de\/wp-json\/wp\/v2\/pages\/2811\/revisions"}],"wp:featuredmedia":[{"embeddable":true,"href":"https:\/\/www.fimforging.com\/de\/wp-json\/wp\/v2\/media\/2984"}],"wp:attachment":[{"href":"https:\/\/www.fimforging.com\/de\/wp-json\/wp\/v2\/media?parent=2811"}],"curies":[{"name":"wp","href":"https:\/\/api.w.org\/{rel}","templated":true}]}}