{"id":2787,"date":"2016-06-16T16:42:12","date_gmt":"2016-06-16T14:42:12","guid":{"rendered":"http:\/\/www.fimforging.com\/de\/chi-siamo\/"},"modified":"2018-02-07T11:54:52","modified_gmt":"2018-02-07T10:54:52","slug":"hot-schmiedestahl","status":"publish","type":"page","link":"https:\/\/www.fimforging.com\/de\/hot-schmiedestahl\/","title":{"rendered":"Wer wir sind"},"content":{"rendered":"<div class=\"wpb-content-wrapper\"><p>[vc_row css=&#8220;.vc_custom_1463994430217{margin-bottom: 30px !important;}&#8220; type=&#8220;grid&#8220;][vc_column width=&#8220;2\/3&#8243; css=&#8220;.vc_custom_1462381095114{padding-right: 10px !important;padding-left: 10px !important;}&#8220;][wd_headings headings_title=&#8220;F.I.M s.r.l. \u2013 GESTERN&#8220; headings_subtitle=&#8220;&#8220; headings_alignment=&#8220;left&#8220; wd_heading_font_weight=&#8220;500&#8243; wd_heading_color=&#8220;#1e73be&#8220; wd_sub_heading_font_weight=&#8220;400&#8243; wd_sub_heading_color=&#8220;#ffffff&#8220;][vc_column_text css=&#8220;.vc_custom_1467384426080{margin-top: 30px !important;}&#8220;]<strong>1956<br \/>\n<\/strong>Gegruendet in Civitanova Marche im Jahre 1956 unter dem Namen FMC Snc \u2013 heute F.I.M. s.r.l. \u2013 beginnt die Firma als handwerklicher Betrieb, spezialisiert in der Produktion von Klammern fuer Blatterfedern fuer die Eisenbahn-Industrie.<\/p>\n<p class=\"p1\">Die Gruender waren 5 Freunde &#8211; Federico Fornari, Elio Raccosta, Ettore Selmarini, Giuseppe Marinelli und Ezio Muzi, Arbeiter der Schmiede eines grossen Unternehmens der metallverarbeitenden Industrie in Civitanova Marche, die nach Schliessung dieser Abteilung des Unternehmens arbeitslos geworden waren.<\/p>\n<p class=\"p1\">Die Firma bestand aus 15 spezialisierten Handwerkern, die weiterhin die Kunden ihres ehemaligen Unternehmens belieferten. Ihr frueherer Arbeitgeber ueberliess ihnen nicht nur die Kunden sondern auch die Maschinen ihrer Abteilung, wie Handh\u00e4mmer, manuelle Drehwerkzeuge und Fraesmaschinen.<\/p>\n<p class=\"p1\">Aufgrund der sofortigen Verf\u00fcgbarkeit dieser Ressourcen und der von den 15 qualifizierten Handwerkern bei der Herstellung von Komponenten gewonnenen Erfahrungen, konnte das Unternehmen sofort ein komplettes Produkt zur Verf\u00fcgung zu stellen, mit demselben Qualit\u00e4tsniveau der \u00e4lteren Unternehmen der Branche.<\/p>\n<p>[\/vc_column_text][\/vc_column][vc_column width=&#8220;1\/3&#8243; css=&#8220;.vc_custom_1466932596216{margin-top: 110px !important;}&#8220;][vc_single_image image=&#8220;2694&#8243; img_size=&#8220;376&#215;255&#8243; css=&#8220;.vc_custom_1467205888558{padding-right: 10px !important;padding-left: 10px !important;}&#8220;][\/vc_column][\/vc_row][vc_row][vc_column width=&#8220;1\/3&#8243;][vc_column_text css=&#8220;.vc_custom_1518000892619{padding-right: 10px !important;padding-left: 10px !important;}&#8220;]<strong>1977<br \/>\n<\/strong>Im Jahre 1977 uebernimmt Federico Fornari, zusammen mit seinen Soehnen Domenico Fornari und Cesare Fornari die gesamten Anteile der Firma.<\/p>\n<p><img decoding=\"async\" class=\"alignleft size-full wp-image-2495\" src=\"https:\/\/www.fimforging.com\/wp-content\/uploads\/2016\/06\/logo_150.png\" alt=\"\" width=\"150\" height=\"136\" \/>[\/vc_column_text][\/vc_column][vc_column width=&#8220;1\/3&#8243;][vc_column_text css=&#8220;.vc_custom_1467384476556{padding-right: 10px !important;padding-left: 10px !important;}&#8220;]<\/p>\n<p style=\"text-align: left;\"><strong>1992<\/strong><br \/>\n1992 wird die heutige F.I.M S.r.l. gegruendet mit neuen Teilhabern, unter anderen Federico Fornari, Ivan Fornari und Mirella Testasecca als Mehrheitsgesellschafter.<br \/>\nDer Ru\u0308ckgang der Auftraege und das Nachfrage-Monopol fuehren dazu, dass das Unternehmen entscheidet, die Handfertigung aufzugeben, um einen Prozess des U\u0308bergangs zum Warmformen von Stahl zu beginnen und erwirbt die erste Maschine zum Formen.<\/p>\n<p>[\/vc_column_text][\/vc_column][vc_column width=&#8220;1\/3&#8243;][vc_column_text css=&#8220;.vc_custom_1467384512932{padding-right: 10px !important;padding-left: 10px !important;}&#8220;]<\/p>\n<p style=\"text-align: left;\"><strong>1994<\/strong><br \/>\nIn Jahre 1994 wird aus dem Handwerksbetrieb F.I.M endgueltig ein Industrieunternehmen durch die Installation des ersten Induktionsofens.<\/p>\n<p>[\/vc_column_text][\/vc_column][\/vc_row][vc_row][vc_column width=&#8220;1\/3&#8243; css=&#8220;.vc_custom_1466932701751{padding-right: 10px !important;padding-left: 10px !important;}&#8220;][wd_headings headings_title=&#8220;F.I.M. s.r.l. &#8211; HEUTE&#8220; headings_subtitle=&#8220;&#8220; headings_alignment=&#8220;left&#8220; wd_heading_font_weight=&#8220;500&#8243; wd_heading_color=&#8220;#1e73be&#8220; wd_sub_heading_font_weight=&#8220;400&#8243; wd_sub_heading_color=&#8220;#ffffff&#8220;][vc_column_text]<\/p>\n<p class=\"p1\">Die Firma F.I.M. s.r.l. ist ein Unternehmen, das sich spezialisiert hat auf die Herstellung von Stahlkomponenten unter Verwendung eines Prozesses die Warmumformung .<br \/>\nDas Unternehmen mit jugendlichem ist auf stetigen Wachstum ausgerichtet sowohl professionell als auch expansiv.<\/p>\n<p>[\/vc_column_text][\/vc_column][vc_column width=&#8220;1\/3&#8243;][vc_single_image image=&#8220;2487&#8243; img_size=&#8220;376&#215;250&#8243; css=&#8220;.vc_custom_1466931781898{padding-right: 10px !important;padding-left: 10px !important;}&#8220;][\/vc_column][vc_column width=&#8220;1\/3&#8243;][vc_single_image image=&#8220;2491&#8243; img_size=&#8220;376&#215;250&#8243; css=&#8220;.vc_custom_1466931790066{padding-right: 10px !important;padding-left: 10px !important;}&#8220;][\/vc_column][\/vc_row][vc_row][vc_column][\/vc_column][\/vc_row]<\/p>\n<\/div>","protected":false},"excerpt":{"rendered":"<p>[vc_row css=&#8220;.vc_custom_1463994430217{margin-bottom: 30px !important;}&#8220; type=&#8220;grid&#8220;][vc_column width=&#8220;2\/3&#8243; css=&#8220;.vc_custom_1462381095114{padding-right: 10px !important;padding-left: 10px !important;}&#8220;][wd_headings headings_title=&#8220;F.I.M s.r.l. \u2013 GESTERN&#8220; headings_subtitle=&#8220;&#8220; headings_alignment=&#8220;left&#8220; wd_heading_font_weight=&#8220;500&#8243; wd_heading_color=&#8220;#1e73be&#8220; wd_sub_heading_font_weight=&#8220;400&#8243; wd_sub_heading_color=&#8220;#ffffff&#8220;][vc_column_text css=&#8220;.vc_custom_1467384426080{margin-top: 30px !important;}&#8220;]1956 Gegruendet in Civitanova Marche im Jahre 1956 unter dem Namen FMC Snc \u2013 heute F.I.M. s.r.l. \u2013 beginnt die Firma als handwerklicher Betrieb, spezialisiert in der Produktion von Klammern fuer Blatterfedern [&hellip;]<\/p>\n","protected":false},"author":1,"featured_media":2983,"parent":0,"menu_order":0,"comment_status":"closed","ping_status":"closed","template":"","meta":{"footnotes":""},"class_list":["post-2787","page","type-page","status-publish","has-post-thumbnail","hentry"],"yoast_head":"<!-- This site is optimized with the Yoast SEO plugin v27.1.1 - https:\/\/yoast.com\/product\/yoast-seo-wordpress\/ -->\n<title>F.I.M. - Hot Schmiedestahl in der Italy seit 1956<\/title>\n<meta name=\"description\" content=\"Hot Schmiedestahl, spezialisiert hat auf die Herstellung von Stahlkomponenten unter Verwendung eines Prozesses die Warmumformung.\" \/>\n<meta name=\"robots\" content=\"index, follow, max-snippet:-1, max-image-preview:large, max-video-preview:-1\" \/>\n<link rel=\"canonical\" href=\"https:\/\/www.fimforging.com\/de\/hot-schmiedestahl\/\" \/>\n<meta property=\"og:locale\" content=\"de_DE\" \/>\n<meta property=\"og:type\" content=\"article\" \/>\n<meta property=\"og:title\" content=\"F.I.M. - Hot Schmiedestahl in der Region Marken seit 1956\" \/>\n<meta property=\"og:description\" content=\"Hot Schmiedestahl, spezialisiert hat auf die Herstellung von Stahlkomponenten unter Verwendung eines Prozesses die Warmumformung.\" \/>\n<meta property=\"og:url\" content=\"https:\/\/www.fimforging.com\/de\/hot-schmiedestahl\/\" \/>\n<meta property=\"og:site_name\" content=\"Fim Forging\" \/>\n<meta property=\"article:modified_time\" content=\"2018-02-07T10:54:52+00:00\" \/>\n<meta property=\"og:image\" content=\"http:\/\/www.fimforging.com\/wp-content\/uploads\/2016\/06\/stampaggio-a-caldo.png\" \/>\n<meta name=\"twitter:card\" content=\"summary_large_image\" \/>\n<meta name=\"twitter:label1\" content=\"Gesch\u00e4tzte Lesezeit\" \/>\n\t<meta name=\"twitter:data1\" content=\"3\u00a0Minuten\" \/>\n<script type=\"application\/ld+json\" class=\"yoast-schema-graph\">{\"@context\":\"https:\/\/schema.org\",\"@graph\":[{\"@type\":\"WebPage\",\"@id\":\"https:\/\/www.fimforging.com\/de\/hot-schmiedestahl\/\",\"url\":\"https:\/\/www.fimforging.com\/de\/hot-schmiedestahl\/\",\"name\":\"F.I.M. - Hot Schmiedestahl in der Italy seit 1956\",\"isPartOf\":{\"@id\":\"https:\/\/www.fimforging.com\/#website\"},\"primaryImageOfPage\":{\"@id\":\"https:\/\/www.fimforging.com\/de\/hot-schmiedestahl\/#primaryimage\"},\"image\":{\"@id\":\"https:\/\/www.fimforging.com\/de\/hot-schmiedestahl\/#primaryimage\"},\"thumbnailUrl\":\"https:\/\/www.fimforging.com\/wp-content\/uploads\/2016\/06\/stampaggio-a-caldo.png\",\"datePublished\":\"2016-06-16T14:42:12+00:00\",\"dateModified\":\"2018-02-07T10:54:52+00:00\",\"description\":\"Hot Schmiedestahl, spezialisiert hat auf die Herstellung von Stahlkomponenten unter Verwendung eines Prozesses die Warmumformung.\",\"breadcrumb\":{\"@id\":\"https:\/\/www.fimforging.com\/de\/hot-schmiedestahl\/#breadcrumb\"},\"inLanguage\":\"de\",\"potentialAction\":[{\"@type\":\"ReadAction\",\"target\":[\"https:\/\/www.fimforging.com\/de\/hot-schmiedestahl\/\"]}]},{\"@type\":\"ImageObject\",\"inLanguage\":\"de\",\"@id\":\"https:\/\/www.fimforging.com\/de\/hot-schmiedestahl\/#primaryimage\",\"url\":\"https:\/\/www.fimforging.com\/wp-content\/uploads\/2016\/06\/stampaggio-a-caldo.png\",\"contentUrl\":\"https:\/\/www.fimforging.com\/wp-content\/uploads\/2016\/06\/stampaggio-a-caldo.png\",\"width\":600,\"height\":314},{\"@type\":\"BreadcrumbList\",\"@id\":\"https:\/\/www.fimforging.com\/de\/hot-schmiedestahl\/#breadcrumb\",\"itemListElement\":[{\"@type\":\"ListItem\",\"position\":1,\"name\":\"Start\",\"item\":\"https:\/\/www.fimforging.com\/de\/\"},{\"@type\":\"ListItem\",\"position\":2,\"name\":\"Wer wir sind\"}]},{\"@type\":\"WebSite\",\"@id\":\"https:\/\/www.fimforging.com\/#website\",\"url\":\"https:\/\/www.fimforging.com\/\",\"name\":\"Fim Forging\",\"description\":\"Stampaggio a caldo acciaio\",\"potentialAction\":[{\"@type\":\"SearchAction\",\"target\":{\"@type\":\"EntryPoint\",\"urlTemplate\":\"https:\/\/www.fimforging.com\/?s={search_term_string}\"},\"query-input\":{\"@type\":\"PropertyValueSpecification\",\"valueRequired\":true,\"valueName\":\"search_term_string\"}}],\"inLanguage\":\"de\"}]}<\/script>\n<!-- \/ Yoast SEO plugin. -->","yoast_head_json":{"title":"F.I.M. - Hot Schmiedestahl in der Italy seit 1956","description":"Hot Schmiedestahl, spezialisiert hat auf die Herstellung von Stahlkomponenten unter Verwendung eines Prozesses die Warmumformung.","robots":{"index":"index","follow":"follow","max-snippet":"max-snippet:-1","max-image-preview":"max-image-preview:large","max-video-preview":"max-video-preview:-1"},"canonical":"https:\/\/www.fimforging.com\/de\/hot-schmiedestahl\/","og_locale":"de_DE","og_type":"article","og_title":"F.I.M. - Hot Schmiedestahl in der Region Marken seit 1956","og_description":"Hot Schmiedestahl, spezialisiert hat auf die Herstellung von Stahlkomponenten unter Verwendung eines Prozesses die Warmumformung.","og_url":"https:\/\/www.fimforging.com\/de\/hot-schmiedestahl\/","og_site_name":"Fim Forging","article_modified_time":"2018-02-07T10:54:52+00:00","og_image":[{"url":"http:\/\/www.fimforging.com\/wp-content\/uploads\/2016\/06\/stampaggio-a-caldo.png","type":"","width":"","height":""}],"twitter_card":"summary_large_image","twitter_misc":{"Gesch\u00e4tzte Lesezeit":"3\u00a0Minuten"},"schema":{"@context":"https:\/\/schema.org","@graph":[{"@type":"WebPage","@id":"https:\/\/www.fimforging.com\/de\/hot-schmiedestahl\/","url":"https:\/\/www.fimforging.com\/de\/hot-schmiedestahl\/","name":"F.I.M. - Hot Schmiedestahl in der Italy seit 1956","isPartOf":{"@id":"https:\/\/www.fimforging.com\/#website"},"primaryImageOfPage":{"@id":"https:\/\/www.fimforging.com\/de\/hot-schmiedestahl\/#primaryimage"},"image":{"@id":"https:\/\/www.fimforging.com\/de\/hot-schmiedestahl\/#primaryimage"},"thumbnailUrl":"https:\/\/www.fimforging.com\/wp-content\/uploads\/2016\/06\/stampaggio-a-caldo.png","datePublished":"2016-06-16T14:42:12+00:00","dateModified":"2018-02-07T10:54:52+00:00","description":"Hot Schmiedestahl, spezialisiert hat auf die Herstellung von Stahlkomponenten unter Verwendung eines Prozesses die Warmumformung.","breadcrumb":{"@id":"https:\/\/www.fimforging.com\/de\/hot-schmiedestahl\/#breadcrumb"},"inLanguage":"de","potentialAction":[{"@type":"ReadAction","target":["https:\/\/www.fimforging.com\/de\/hot-schmiedestahl\/"]}]},{"@type":"ImageObject","inLanguage":"de","@id":"https:\/\/www.fimforging.com\/de\/hot-schmiedestahl\/#primaryimage","url":"https:\/\/www.fimforging.com\/wp-content\/uploads\/2016\/06\/stampaggio-a-caldo.png","contentUrl":"https:\/\/www.fimforging.com\/wp-content\/uploads\/2016\/06\/stampaggio-a-caldo.png","width":600,"height":314},{"@type":"BreadcrumbList","@id":"https:\/\/www.fimforging.com\/de\/hot-schmiedestahl\/#breadcrumb","itemListElement":[{"@type":"ListItem","position":1,"name":"Start","item":"https:\/\/www.fimforging.com\/de\/"},{"@type":"ListItem","position":2,"name":"Wer wir sind"}]},{"@type":"WebSite","@id":"https:\/\/www.fimforging.com\/#website","url":"https:\/\/www.fimforging.com\/","name":"Fim Forging","description":"Stampaggio a caldo acciaio","potentialAction":[{"@type":"SearchAction","target":{"@type":"EntryPoint","urlTemplate":"https:\/\/www.fimforging.com\/?s={search_term_string}"},"query-input":{"@type":"PropertyValueSpecification","valueRequired":true,"valueName":"search_term_string"}}],"inLanguage":"de"}]}},"_links":{"self":[{"href":"https:\/\/www.fimforging.com\/de\/wp-json\/wp\/v2\/pages\/2787","targetHints":{"allow":["GET"]}}],"collection":[{"href":"https:\/\/www.fimforging.com\/de\/wp-json\/wp\/v2\/pages"}],"about":[{"href":"https:\/\/www.fimforging.com\/de\/wp-json\/wp\/v2\/types\/page"}],"author":[{"embeddable":true,"href":"https:\/\/www.fimforging.com\/de\/wp-json\/wp\/v2\/users\/1"}],"replies":[{"embeddable":true,"href":"https:\/\/www.fimforging.com\/de\/wp-json\/wp\/v2\/comments?post=2787"}],"version-history":[{"count":0,"href":"https:\/\/www.fimforging.com\/de\/wp-json\/wp\/v2\/pages\/2787\/revisions"}],"wp:featuredmedia":[{"embeddable":true,"href":"https:\/\/www.fimforging.com\/de\/wp-json\/wp\/v2\/media\/2983"}],"wp:attachment":[{"href":"https:\/\/www.fimforging.com\/de\/wp-json\/wp\/v2\/media?parent=2787"}],"curies":[{"name":"wp","href":"https:\/\/api.w.org\/{rel}","templated":true}]}}